{"id":5679,"date":"2025-11-14T06:09:02","date_gmt":"2025-11-14T06:09:02","guid":{"rendered":"https:\/\/id7.dev\/fr\/ai-in-the-service-of-fashion-transforming-challenges-into-opportunities\/"},"modified":"2026-03-11T02:45:43","modified_gmt":"2026-03-11T02:45:43","slug":"ai-in-the-service-of-fashion-transforming-challenges-into-opportunities","status":"publish","type":"page","link":"https:\/\/id7.dev\/fr\/ai-in-the-service-of-fashion-transforming-challenges-into-opportunities\/","title":{"rendered":"L&rsquo;IA au Service de la Mode : Transformer les D\u00e9fis en Opportunit\u00e9s"},"content":{"rendered":"\n<figure class=\"wp-block-image aligncenter size-large\"><img decoding=\"async\" src=\"https:\/\/id7.dev\/wp-content\/uploads\/sites\/2\/2025\/06\/Laptop_displaying_fashion_website-1024x735.jpg\" alt=\"\" class=\"wp-image-5577\" \/><\/figure>\n\n\n\n<h2 class=\"wp-block-heading\">L&rsquo;histoire d&rsquo;une petite entreprise de mode \u00e0 croissance rapide<\/h2>\n\n\n\n<p>Une entreprise de mode familiale, sp\u00e9cialis\u00e9e dans les v\u00eatements tendance, avait des ambitions de croissance internationale mais faisait face \u00e0 un d\u00e9fi majeur : g\u00e9rer son contenu \u00e0 travers plusieurs march\u00e9s r\u00e9gionaux. Avec des sites web en fran\u00e7ais, anglais et espagnol, elle peinait \u00e0 maintenir des informations coh\u00e9rentes, pertinentes et correctement traduites pour son audience internationale.<\/p>\n\n\n\n<h2 class=\"wp-block-heading\">Le d\u00e9fi : Gestion de contenu multilingue<\/h2>\n\n\n\n<p>Avant de d\u00e9couvrir notre solution, l&rsquo;entreprise devait faire face \u00e0 des traductions manuelles, des retards dans la mise \u00e0 jour du contenu, et une exp\u00e9rience utilisateur in\u00e9gale selon les langues. Cela a entra\u00een\u00e9 une perte de trafic et une diminution des conversions, car les utilisateurs dans diff\u00e9rents march\u00e9s ne recevaient pas toujours le contenu le plus pertinent et \u00e0 jour dans leur langue.<\/p>\n\n\n\n<h2 class=\"wp-block-heading\">La Solution : Traduction Instantan\u00e9e Aliment\u00e9e par l&rsquo;IA<\/h2>\n\n\n\n<p>En mettant en \u0153uvre <a href=\"https:\/\/domclic.fr\/en\/\" data-type=\"page\" data-id=\"5457\">notre solution de traduction aliment\u00e9e par l&rsquo;IA<\/a>, l&rsquo;entreprise a pu g\u00e9rer facilement et rapidement son contenu multilingue. Lorsqu&rsquo;une mise \u00e0 jour de contenu a \u00e9t\u00e9 effectu\u00e9e sur le site principal fran\u00e7ais, notre IA a automatiquement et instantan\u00e9ment traduit ce contenu en anglais et en espagnol. Cette solution a consid\u00e9rablement r\u00e9duit le temps n\u00e9cessaire \u00e0 la gestion du contenu pour chaque r\u00e9gion tout en garantissant une parfaite uniformit\u00e9 dans toutes les langues.<\/p>\n\n\n\n<h2 class=\"wp-block-heading\">Les R\u00e9sultats : Croissance Impressionnante<\/h2>\n\n\n\n<p>Avec ce syst\u00e8me, l&rsquo;entreprise a vu son trafic international augmenter de <strong>30%<\/strong>, gr\u00e2ce \u00e0 un contenu plus pr\u00e9cis et coh\u00e9rent pour ses publics anglophones et hispanophones. De plus, la <strong>page d&rsquo;atterrissage<\/strong> de l&rsquo;entreprise, d\u00e9sormais disponible en trois langues, a g\u00e9n\u00e9r\u00e9 une augmentation de <strong>20%<\/strong> des <strong>prospects<\/strong>. L&rsquo;exp\u00e9rience utilisateur s&rsquo;est am\u00e9lior\u00e9e de mani\u00e8re significative, les visiteurs pouvant naviguer et interagir avec des informations adapt\u00e9es \u00e0 leur langue et \u00e0 leurs besoins.<\/p>\n\n\n\n<h2 class=\"wp-block-heading\">L&rsquo;impact sur l&rsquo;expansion mondiale<\/h2>\n\n\n\n<p>Gr\u00e2ce \u00e0 notre solution, cette entreprise a pu non seulement \u00e9tendre sa port\u00e9e internationale, mais aussi optimiser ses conversions sur ses diff\u00e9rents march\u00e9s. Le processus de traduction, autrefois un obstacle, est d\u00e9sormais un moteur d&rsquo;expansion, lui permettant de se concentrer sur des strat\u00e9gies de croissance sans se soucier de la gestion manuelle des langues.<\/p>\n\n\n\n<hr class=\"wp-block-separator has-alpha-channel-opacity\" \/>\n\n\n\n<h2 class=\"wp-block-heading\">Conclusion<\/h2>\n\n\n\n<p>Cette entreprise de mode dispose d\u00e9sormais d&rsquo;une infrastructure agile pour se d\u00e9velopper \u00e0 l&rsquo;international, s&rsquo;appuyant sur la puissance de notre IA pour g\u00e9rer son contenu multilingue tout en continuant \u00e0 offrir une exp\u00e9rience fluide et coh\u00e9rente \u00e0 ses clients internationaux.<\/p>\n\n\n\n<hr class=\"wp-block-separator has-alpha-channel-opacity\" \/>\n\n\n\n<blockquote class=\"wp-block-quote is-layout-flow wp-block-quote-is-layout-flow\">\n<h3 class=\"wp-block-heading has-medium-font-size\"><strong>\u00c0 propos de cet article<\/strong><\/h3>\n\n\n\n<p class=\"has-medium-font-size\">Cet article est une \u0153uvre de fiction. Les noms, personnages, entreprises, \u00e9v\u00e9nements et incidents sont le produit de l&rsquo;imagination de l&rsquo;auteur. Toute ressemblance avec des personnes r\u00e9elles, vivantes ou d\u00e9c\u00e9d\u00e9es, ou avec des \u00e9v\u00e9nements r\u00e9els est purement fortuite.<\/p>\n<\/blockquote>\n","protected":false},"excerpt":{"rendered":"<p>L&rsquo;histoire d&rsquo;une petite entreprise de mode \u00e0 croissance rapide Une entreprise de mode familiale, sp\u00e9cialis\u00e9e dans les v\u00eatements tendance, avait des ambitions de croissance internationale mais faisait face \u00e0 un d\u00e9fi majeur : g\u00e9rer son contenu \u00e0 travers plusieurs march\u00e9s r\u00e9gionaux. Avec des sites web en fran\u00e7ais, anglais et espagnol, elle peinait \u00e0 maintenir des [&hellip;]<\/p>\n","protected":false},"author":1,"featured_media":0,"parent":0,"menu_order":0,"comment_status":"closed","ping_status":"closed","template":"","meta":{"footnotes":""},"class_list":["post-5679","page","type-page","status-publish","hentry"],"_links":{"self":[{"href":"https:\/\/id7.dev\/fr\/wp-json\/wp\/v2\/pages\/5679","targetHints":{"allow":["GET"]}}],"collection":[{"href":"https:\/\/id7.dev\/fr\/wp-json\/wp\/v2\/pages"}],"about":[{"href":"https:\/\/id7.dev\/fr\/wp-json\/wp\/v2\/types\/page"}],"author":[{"embeddable":true,"href":"https:\/\/id7.dev\/fr\/wp-json\/wp\/v2\/users\/1"}],"replies":[{"embeddable":true,"href":"https:\/\/id7.dev\/fr\/wp-json\/wp\/v2\/comments?post=5679"}],"version-history":[{"count":1,"href":"https:\/\/id7.dev\/fr\/wp-json\/wp\/v2\/pages\/5679\/revisions"}],"predecessor-version":[{"id":5745,"href":"https:\/\/id7.dev\/fr\/wp-json\/wp\/v2\/pages\/5679\/revisions\/5745"}],"wp:attachment":[{"href":"https:\/\/id7.dev\/fr\/wp-json\/wp\/v2\/media?parent=5679"}],"curies":[{"name":"wp","href":"https:\/\/api.w.org\/{rel}","templated":true}]}}